{"id":5919,"date":"2021-05-30T15:54:34","date_gmt":"2021-05-30T15:54:34","guid":{"rendered":"https:\/\/demo.harutheme.com\/frames\/?page_id=5919"},"modified":"2022-12-10T14:27:45","modified_gmt":"2022-12-10T13:27:45","slug":"contact","status":"publish","type":"page","link":"https:\/\/composite-media-gbr.de\/en\/contact\/","title":{"rendered":"Contact"},"content":{"rendered":"<div data-elementor-type=\"wp-page\" data-elementor-id=\"5919\" class=\"elementor elementor-5919\">\n\t\t\t\t\t\t<section class=\"elementor-section elementor-top-section elementor-element elementor-element-912fbba elementor-section-boxed elementor-section-height-default elementor-section-height-default\" data-id=\"912fbba\" data-element_type=\"section\">\n\t\t\t\t\t\t<div class=\"elementor-container elementor-column-gap-extended\">\n\t\t\t\t\t<div class=\"elementor-column elementor-col-100 elementor-top-column elementor-element elementor-element-0e9b0ab\" data-id=\"0e9b0ab\" data-element_type=\"column\">\n\t\t\t<div class=\"elementor-widget-wrap elementor-element-populated\">\n\t\t\t\t\t\t<div class=\"elementor-element elementor-element-6bc3d67 elementor-widget elementor-widget-haru-heading\" data-id=\"6bc3d67\" data-element_type=\"widget\" data-widget_type=\"haru-heading.default\">\n\t\t\t\t<div class=\"elementor-widget-container\">\n\t\t\t\t\t<p class=\"haru-heading-title haru-heading-title--sub-heading-3\">Contact us<\/p>\t\t\t\t<\/div>\n\t\t\t\t<\/div>\n\t\t\t\t<div class=\"elementor-element elementor-element-56e56ea elementor-widget elementor-widget-haru-heading\" data-id=\"56e56ea\" data-element_type=\"widget\" data-widget_type=\"haru-heading.default\">\n\t\t\t\t<div class=\"elementor-widget-container\">\n\t\t\t\t\t<h2 class=\"haru-heading-title haru-heading-title--heading-1\">Let's talk!<\/h2>\t\t\t\t<\/div>\n\t\t\t\t<\/div>\n\t\t\t\t\t<\/div>\n\t\t<\/div>\n\t\t\t\t\t<\/div>\n\t\t<\/section>\n\t\t\t\t<section class=\"elementor-section elementor-top-section elementor-element elementor-element-d35108c elementor-section-boxed elementor-section-height-default elementor-section-height-default\" data-id=\"d35108c\" data-element_type=\"section\">\n\t\t\t\t\t\t<div class=\"elementor-container elementor-column-gap-extended\">\n\t\t\t\t\t<div class=\"elementor-column elementor-col-100 elementor-top-column elementor-element elementor-element-6f61da2\" data-id=\"6f61da2\" data-element_type=\"column\">\n\t\t\t<div class=\"elementor-widget-wrap elementor-element-populated\">\n\t\t\t\t\t\t<div class=\"elementor-element elementor-element-3731180 elementor-widget elementor-widget-haru-google-maps\" data-id=\"3731180\" data-element_type=\"widget\" data-widget_type=\"haru-google-maps.default\">\n\t\t\t\t<div class=\"elementor-widget-container\">\n\t\t\t\t\t\n                            <div class=\"haru-google-maps haru-google-maps--style-1\">\n                                        <div class=\"haru-custom-embed\">\n                        <iframe src=\"https:\/\/maps.google.com\/maps?q=Composite%20Media%20GbR%2C%20Am%20Limes%2066%2C%2073527%20Schw%C3%A4bisch%20Gm%C3%BCnd&amp;t=m&amp;z=15&amp;output=embed&amp;iwloc=near\" title=\"%3$s\" aria-label=\"%3$s\"><\/iframe>\n                    <\/div>\n                <\/div>\n            \n            \t\t\t\t<\/div>\n\t\t\t\t<\/div>\n\t\t\t\t\t<\/div>\n\t\t<\/div>\n\t\t\t\t\t<\/div>\n\t\t<\/section>\n\t\t\t\t<section class=\"elementor-section elementor-top-section elementor-element elementor-element-6a187b4 elementor-section-boxed elementor-section-height-default elementor-section-height-default\" data-id=\"6a187b4\" data-element_type=\"section\">\n\t\t\t\t\t\t<div class=\"elementor-container elementor-column-gap-default\">\n\t\t\t\t\t<div class=\"elementor-column elementor-col-66 elementor-top-column elementor-element elementor-element-df734b3\" data-id=\"df734b3\" data-element_type=\"column\">\n\t\t\t<div class=\"elementor-widget-wrap elementor-element-populated\">\n\t\t\t\t\t\t<div class=\"elementor-element elementor-element-734ef1e elementor-widget elementor-widget-haru-heading\" data-id=\"734ef1e\" data-element_type=\"widget\" data-widget_type=\"haru-heading.default\">\n\t\t\t\t<div class=\"elementor-widget-container\">\n\t\t\t\t\t<h2 class=\"haru-heading-title haru-heading-title--heading-8\">Send us a message<\/h2>\t\t\t\t<\/div>\n\t\t\t\t<\/div>\n\t\t\t\t<div class=\"elementor-element elementor-element-df8da15 elementor-widget elementor-widget-text-editor\" data-id=\"df8da15\" data-element_type=\"widget\" data-widget_type=\"text-editor.default\">\n\t\t\t\t<div class=\"elementor-widget-container\">\n\t\t\t\t\t\t\t\t\t\n<div class=\"wpcf7 no-js\" id=\"wpcf7-f6344-o1\" lang=\"en-US\" dir=\"ltr\" data-wpcf7-id=\"6344\">\n<div class=\"screen-reader-response\"><p role=\"status\" aria-live=\"polite\" aria-atomic=\"true\"><\/p> <ul><\/ul><\/div>\n<form action=\"\/en\/wp-json\/wp\/v2\/pages\/5919#wpcf7-f6344-o1\" method=\"post\" class=\"wpcf7-form init\" aria-label=\"Contact form\" novalidate=\"novalidate\" data-status=\"init\" data-trp-original-action=\"\/en\/wp-json\/wp\/v2\/pages\/5919#wpcf7-f6344-o1\">\n<fieldset class=\"hidden-fields-container\"><input type=\"hidden\" name=\"_wpcf7\" value=\"6344\" \/><input type=\"hidden\" name=\"_wpcf7_version\" value=\"6.1.5\" \/><input type=\"hidden\" name=\"_wpcf7_locale\" value=\"en_US\" \/><input type=\"hidden\" name=\"_wpcf7_unit_tag\" value=\"wpcf7-f6344-o1\" \/><input type=\"hidden\" name=\"_wpcf7_container_post\" value=\"0\" \/><input type=\"hidden\" name=\"_wpcf7_posted_data_hash\" value=\"\" \/><input type=\"hidden\" name=\"_wpcf7_recaptcha_response\" value=\"\" \/>\n<\/fieldset>\n<div class=\"contact-form\">\n<div class=\"contact-form__row contact-form__row--cols-2\">\n    <div class=\"contact-form__col\">\n        <div class=\"contact-form__input\"><span class=\"wpcf7-form-control-wrap\" data-name=\"first-name\"><input size=\"40\" maxlength=\"400\" class=\"wpcf7-form-control wpcf7-text wpcf7-validates-as-required\" aria-required=\"true\" aria-invalid=\"false\" placeholder=\"First name\" value=\"\" type=\"text\" name=\"first-name\" \/><\/span><\/div>\n    <\/div>\n    <div class=\"contact-form__col\">\n        <div class=\"contact-form__input\"><span class=\"wpcf7-form-control-wrap\" data-name=\"last-name\"><input size=\"40\" maxlength=\"400\" class=\"wpcf7-form-control wpcf7-text wpcf7-validates-as-required\" aria-required=\"true\" aria-invalid=\"false\" placeholder=\"Last name\" value=\"\" type=\"text\" name=\"last-name\" \/><\/span><\/div>\n    <\/div>\n<\/div>\n<div class=\"contact-form__row\">\n    <div class=\"contact-form__input\"><span class=\"wpcf7-form-control-wrap\" data-name=\"email\"><input size=\"40\" maxlength=\"400\" class=\"wpcf7-form-control wpcf7-email wpcf7-validates-as-required wpcf7-text wpcf7-validates-as-email\" aria-required=\"true\" aria-invalid=\"false\" value=\"E-Mail-Adresse\" type=\"email\" name=\"email\" \/><\/span><\/div>\n<\/div>\n<div class=\"contact-form__row\">\n    <div class=\"contact-form__input\"><span class=\"wpcf7-form-control-wrap\" data-name=\"subject\"><input size=\"40\" maxlength=\"400\" class=\"wpcf7-form-control wpcf7-text wpcf7-validates-as-required\" aria-required=\"true\" aria-invalid=\"false\" placeholder=\"Subject\" value=\"\" type=\"text\" name=\"subject\" \/><\/span><\/div>\n<\/div>\n<div class=\"contact-form__row\">\n    <div class=\"contact-form__input\"><span class=\"wpcf7-form-control-wrap\" data-name=\"message\"><textarea cols=\"40\" rows=\"10\" maxlength=\"2000\" class=\"wpcf7-form-control wpcf7-textarea wpcf7-validates-as-required\" aria-required=\"true\" aria-invalid=\"false\" placeholder=\"Message\" name=\"message\"><\/textarea><\/span><\/div>\n<\/div>\n<div class=\"contact-form__row contact-form__row--submit\">\n    <div class=\"contact-form__submit\">\n    <input class=\"wpcf7-form-control wpcf7-submit has-spinner\" type=\"submit\" value=\"Send now\" \/>\n    <\/div>\n<\/div>\n<\/div><div class=\"wpcf7-response-output\" aria-hidden=\"true\"><\/div>\n<input type=\"hidden\" name=\"trp-form-language\" value=\"en\"\/><\/form>\n<\/div>\n\t\t\t\t\t\t\t\t<\/div>\n\t\t\t\t<\/div>\n\t\t\t\t\t<\/div>\n\t\t<\/div>\n\t\t\t\t<div class=\"elementor-column elementor-col-33 elementor-top-column elementor-element elementor-element-8ec9c47\" data-id=\"8ec9c47\" data-element_type=\"column\">\n\t\t\t<div class=\"elementor-widget-wrap elementor-element-populated\">\n\t\t\t\t\t\t<div class=\"elementor-element elementor-element-f81f162 elementor-widget elementor-widget-haru-contact\" data-id=\"f81f162\" data-element_type=\"widget\" data-widget_type=\"haru-contact.default\">\n\t\t\t\t<div class=\"elementor-widget-container\">\n\t\t\t\t\t\n        \t\t        \t<div class=\"haru-contact haru-contact--style-5\">\n\t        \t\t\n\n\t<ul>\n\t\t\t\t\t<li>\n\t\t\t\t<div class=\"haru-contact__icon\"><i aria-hidden=\"true\" class=\"fas fa-stop-circle\"><\/i><\/div>\n\t\t\t\t<div class=\"haru-contact__content\">\n\t\t\t\t\t<h6 class=\"haru-contact__title\">Mailing address<\/h6>\n\t\t\t\t\t<div class=\"haru-contact__desc\">Composite Media GbR<br>\nAm Limes 66<br>\n73527 Schw\u00e4bisch Gm\u00fcnd<\/div>\n\t\t\t\t<\/div>\n\t\t\t<\/li>\n\t\t\t\t\t<li>\n\t\t\t\t<div class=\"haru-contact__icon\"><i aria-hidden=\"true\" class=\"fas fa-star\"><\/i><\/div>\n\t\t\t\t<div class=\"haru-contact__content\">\n\t\t\t\t\t<h6 class=\"haru-contact__title\">Contact<\/h6>\n\t\t\t\t\t<div class=\"haru-contact__desc\">Phone: <strong>07171 \/ 996 9 114<\/strong><br>\nEmail: <strong>mail@composite-media-gbr.de<\/strong><\/div>\n\t\t\t\t<\/div>\n\t\t\t<\/li>\n\t\t\t\t\t<li>\n\t\t\t\t<div class=\"haru-contact__icon\"><i aria-hidden=\"true\" class=\"fas fa-star\"><\/i><\/div>\n\t\t\t\t<div class=\"haru-contact__content\">\n\t\t\t\t\t<h6 class=\"haru-contact__title\">Studio address<\/h6>\n\t\t\t\t\t<div class=\"haru-contact__desc\">Bronn\u00e4ckerstr. 44<br>\n73527 Schw\u00e4bisch Gm\u00fcnd<\/div>\n\t\t\t\t<\/div>\n\t\t\t<\/li>\n\t\t\t<\/ul>\n\t    \t\t<\/div>\n    \t\t\n    \t\t\t\t\t\t<\/div>\n\t\t\t\t<\/div>\n\t\t\t\t\t<\/div>\n\t\t<\/div>\n\t\t\t\t\t<\/div>\n\t\t<\/section>\n\t\t\t\t<\/div>","protected":false},"excerpt":{"rendered":"<p>Kontaktiere uns Lass uns reden Schicke uns eine Nachricht Postanschrift Composite Media GbR Am Limes 66 73527 Schw\u00e4bisch Gm\u00fcnd Kontakt Telefon: 07171 \/ 996 9 114 E-Mail: mail@composite-media-gbr.de Studioadresse Bronn\u00e4ckerstr. 44 73527 Schw\u00e4bisch Gm\u00fcnd<\/p>","protected":false},"author":1,"featured_media":0,"parent":0,"menu_order":0,"comment_status":"closed","ping_status":"closed","template":"","meta":{"footnotes":""},"class_list":["post-5919","page","type-page","status-publish","hentry"],"_links":{"self":[{"href":"https:\/\/composite-media-gbr.de\/en\/wp-json\/wp\/v2\/pages\/5919","targetHints":{"allow":["GET"]}}],"collection":[{"href":"https:\/\/composite-media-gbr.de\/en\/wp-json\/wp\/v2\/pages"}],"about":[{"href":"https:\/\/composite-media-gbr.de\/en\/wp-json\/wp\/v2\/types\/page"}],"author":[{"embeddable":true,"href":"https:\/\/composite-media-gbr.de\/en\/wp-json\/wp\/v2\/users\/1"}],"replies":[{"embeddable":true,"href":"https:\/\/composite-media-gbr.de\/en\/wp-json\/wp\/v2\/comments?post=5919"}],"version-history":[{"count":10,"href":"https:\/\/composite-media-gbr.de\/en\/wp-json\/wp\/v2\/pages\/5919\/revisions"}],"predecessor-version":[{"id":11920,"href":"https:\/\/composite-media-gbr.de\/en\/wp-json\/wp\/v2\/pages\/5919\/revisions\/11920"}],"wp:attachment":[{"href":"https:\/\/composite-media-gbr.de\/en\/wp-json\/wp\/v2\/media?parent=5919"}],"curies":[{"name":"wp","href":"https:\/\/api.w.org\/{rel}","templated":true}]}}