{"id":4199,"date":"2021-05-06T07:44:14","date_gmt":"2021-05-06T07:44:14","guid":{"rendered":"https:\/\/demo.harutheme.com\/frames\/?page_id=4199"},"modified":"2023-02-17T17:26:58","modified_gmt":"2023-02-17T16:26:58","slug":"showcase","status":"publish","type":"page","link":"https:\/\/composite-media-gbr.de\/en\/showcase\/","title":{"rendered":"Showcase"},"content":{"rendered":"<div data-elementor-type=\"wp-page\" data-elementor-id=\"4199\" class=\"elementor elementor-4199\">\n\t\t\t\t\t\t<section class=\"elementor-section elementor-top-section elementor-element elementor-element-6a24685 elementor-section-boxed elementor-section-height-default elementor-section-height-default\" data-id=\"6a24685\" data-element_type=\"section\">\n\t\t\t\t\t\t<div class=\"elementor-container elementor-column-gap-extended\">\n\t\t\t\t\t<div class=\"elementor-column elementor-col-100 elementor-top-column elementor-element elementor-element-905b89a\" data-id=\"905b89a\" data-element_type=\"column\">\n\t\t\t<div class=\"elementor-widget-wrap elementor-element-populated\">\n\t\t\t\t\t\t<div class=\"elementor-element elementor-element-daafe44 grid-columns-3 grid-columns--tablet2 grid-columns--mobile1 elementor-widget elementor-widget-haru-video-isotope\" data-id=\"daafe44\" data-element_type=\"widget\" data-widget_type=\"haru-video-isotope.default\">\n\t\t\t\t<div class=\"elementor-widget-container\">\n\t\t\t\t\t            \n                            <div class=\"haru-video-isotope haru-video-isotope--grid haru-video-isotope--padding\" id=\"haru-video-isotope15223776\">\n                    \n\t\t<div class=\"video-isotope-top\">\n\t\t<ul class=\"video-filter video-filter--style-1\" data-option-key=\"filter\">\n\t\t\t<li>\n\t\t\t\t<h6 class=\"tab-item-heading\">\n\t\t\t        <a class=\"\"\n\t\t\t            href=\"javascript:;\" \n\t\t\t            data-option-value=\"*\"\n\t\t\t        >All<\/a>\n\t\t        <\/h6>\n\t\t    <\/li>\n\t\t\t\t\t\t<li>\n\t\t\t\t<h6 class=\"tab-item-heading\">\n\t\t\t        <a class=\"\"\n\t\t\t            href=\"javascript:;\" \n\t\t\t            data-option-value =\".wedding-film\"\n\t\t\t        >Wedding film<\/a>\n\t\t        <\/h6>\n\t\t    <\/li>\n\t\t    \t\t\t<li>\n\t\t\t\t<h6 class=\"tab-item-heading\">\n\t\t\t        <a class=\"\"\n\t\t\t            href=\"javascript:;\" \n\t\t\t            data-option-value =\".showreel\"\n\t\t\t        >Showreel<\/a>\n\t\t        <\/h6>\n\t\t    <\/li>\n\t\t    \t\t\t<li>\n\t\t\t\t<h6 class=\"tab-item-heading\">\n\t\t\t        <a class=\"\"\n\t\t\t            href=\"javascript:;\" \n\t\t\t            data-option-value =\".visual-effects\"\n\t\t\t        >Visual effects<\/a>\n\t\t        <\/h6>\n\t\t    <\/li>\n\t\t    \t\t\t<li>\n\t\t\t\t<h6 class=\"tab-item-heading\">\n\t\t\t        <a class=\"\"\n\t\t\t            href=\"javascript:;\" \n\t\t\t            data-option-value =\".commercials\"\n\t\t\t        >Advertising<\/a>\n\t\t        <\/h6>\n\t\t    <\/li>\n\t\t    \t\t<\/ul>\n\t<\/div>\n\t\n\t<div class=\"video-list layout-wrap padding\">\n\t\t    <article class=\"grid-item video-item video-item--style-1 video-12367 showreel visual-effects\">\n    <div class=\"video-item__thumbnail\" >\n                <a href=\"https:\/\/composite-media-gbr.de\/en\/video\/visual-effects-reel-2024\/\" class=\"video-item-player-direct\"><\/a>\n            \n                    <div class=\"video-thumbnail image default\" data-speed=\"1000\">\n                            <img decoding=\"async\" src=\"https:\/\/composite-media-gbr.de\/wp-content\/uploads\/2025\/04\/thumb-1.jpg\" alt=\"Visual Effects Reel 2024\">\n                        <\/div>\n                <!-- <\/a> -->\n        <div class=\"video-item__icon style-1\">\n    <div class=\"video-item__icon-wrap\">\n                    <a href=\"https:\/\/composite-media-gbr.de\/en\/video\/visual-effects-reel-2024\/\" class=\"video-item-player-direct\"><\/a>\n            <\/div>\n<\/div>\n                <div class=\"video-item__duration\">04:22<\/div>\n            <\/div>\n    <div class=\"video-item__content\">\n        <h6 class=\"video-item__title\"><a href=\"https:\/\/composite-media-gbr.de\/en\/video\/visual-effects-reel-2024\/\">Visual Effects Reel 2024<\/a><\/h6>\n        <div class=\"video-item__category\"><a href=\"https:\/\/composite-media-gbr.de\/en\/video-category\/showreel\/\" rel=\"tag\">Showreel<\/a>, <a href=\"https:\/\/composite-media-gbr.de\/en\/video-category\/visual-effects\/\" rel=\"tag\">Visual effects<\/a><\/div>\n        <div class=\"video-item__desc\">\n                    <\/div>\n        <div class=\"video-item__more\">\n            <a href=\"https:\/\/composite-media-gbr.de\/en\/video\/visual-effects-reel-2024\/\" class=\"haru-button haru-button--size-medium haru-button--bg-black haru-button--round-normal\">Detail<\/a>\n        <\/div>\n    <\/div>\n<\/article>\n\t\t    <article class=\"grid-item video-item video-item--style-1 video-9216 showreel visual-effects\">\n    <div class=\"video-item__thumbnail\" >\n                <a href=\"https:\/\/composite-media-gbr.de\/en\/video\/visual-effects-reel-2019\/\" class=\"video-item-player-direct\"><\/a>\n            \n                    <div class=\"video-thumbnail image default\" data-speed=\"1000\">\n                            <img decoding=\"async\" src=\"https:\/\/composite-media-gbr.de\/wp-content\/uploads\/2021\/08\/cover_vfx_reel_2019_1.png\" alt=\"Visual Effects Reel 2019\">\n                        <\/div>\n                <!-- <\/a> -->\n        <div class=\"video-item__icon style-1\">\n    <div class=\"video-item__icon-wrap\">\n                    <a href=\"https:\/\/composite-media-gbr.de\/en\/video\/visual-effects-reel-2019\/\" class=\"video-item-player-direct\"><\/a>\n            <\/div>\n<\/div>\n                <div class=\"video-item__duration\">4:36<\/div>\n            <\/div>\n    <div class=\"video-item__content\">\n        <h6 class=\"video-item__title\"><a href=\"https:\/\/composite-media-gbr.de\/en\/video\/visual-effects-reel-2019\/\">Visual Effects Reel 2019<\/a><\/h6>\n        <div class=\"video-item__category\"><a href=\"https:\/\/composite-media-gbr.de\/en\/video-category\/showreel\/\" rel=\"tag\">Showreel<\/a>, <a href=\"https:\/\/composite-media-gbr.de\/en\/video-category\/visual-effects\/\" rel=\"tag\">Visual effects<\/a><\/div>\n        <div class=\"video-item__desc\">\n                    <\/div>\n        <div class=\"video-item__more\">\n            <a href=\"https:\/\/composite-media-gbr.de\/en\/video\/visual-effects-reel-2019\/\" class=\"haru-button haru-button--size-medium haru-button--bg-black haru-button--round-normal\">Detail<\/a>\n        <\/div>\n    <\/div>\n<\/article>\n\t\t    <article class=\"grid-item video-item video-item--style-1 video-12301 showreel\">\n    <div class=\"video-item__thumbnail\" >\n                <a href=\"https:\/\/composite-media-gbr.de\/en\/video\/cinematography-videography-video-production-reel-2022\/\" class=\"video-item-player-direct\"><\/a>\n            \n                    <div class=\"video-thumbnail image default\" data-speed=\"1000\">\n                            <img decoding=\"async\" src=\"https:\/\/composite-media-gbr.de\/wp-content\/uploads\/2023\/02\/video_cover_cine_reel_2022.png\" alt=\"Cinematography, videography &#038; video production reel 2022\">\n                        <\/div>\n                <!-- <\/a> -->\n        <div class=\"video-item__icon style-1\">\n    <div class=\"video-item__icon-wrap\">\n                    <a href=\"https:\/\/composite-media-gbr.de\/en\/video\/cinematography-videography-video-production-reel-2022\/\" class=\"video-item-player-direct\"><\/a>\n            <\/div>\n<\/div>\n                <div class=\"video-item__duration\">2:08<\/div>\n            <\/div>\n    <div class=\"video-item__content\">\n        <h6 class=\"video-item__title\"><a href=\"https:\/\/composite-media-gbr.de\/en\/video\/cinematography-videography-video-production-reel-2022\/\">Cinematography, videography &#038; video production reel 2022<\/a><\/h6>\n        <div class=\"video-item__category\"><a href=\"https:\/\/composite-media-gbr.de\/en\/video-category\/showreel\/\" rel=\"tag\">Showreel<\/a><\/div>\n        <div class=\"video-item__desc\">\n                    <\/div>\n        <div class=\"video-item__more\">\n            <a href=\"https:\/\/composite-media-gbr.de\/en\/video\/cinematography-videography-video-production-reel-2022\/\" class=\"haru-button haru-button--size-medium haru-button--bg-black haru-button--round-normal\">Detail<\/a>\n        <\/div>\n    <\/div>\n<\/article>\n\t\t    <article class=\"grid-item video-item video-item--style-1 video-8561 showreel visual-effects\">\n    <div class=\"video-item__thumbnail\" >\n                <a href=\"https:\/\/composite-media-gbr.de\/en\/video\/visual-effects-reel-2015\/\" class=\"video-item-player-direct\"><\/a>\n            \n                    <div class=\"video-thumbnail image default\" data-speed=\"1000\">\n                            <img decoding=\"async\" src=\"https:\/\/composite-media-gbr.de\/wp-content\/uploads\/2021\/07\/cover_vfx_reel_2015-e1670529893691.png\" alt=\"Visual Effects Reel 2015\">\n                        <\/div>\n                <!-- <\/a> -->\n        <div class=\"video-item__icon style-1\">\n    <div class=\"video-item__icon-wrap\">\n                    <a href=\"https:\/\/composite-media-gbr.de\/en\/video\/visual-effects-reel-2015\/\" class=\"video-item-player-direct\"><\/a>\n            <\/div>\n<\/div>\n                <div class=\"video-item__duration\">3:20<\/div>\n            <\/div>\n    <div class=\"video-item__content\">\n        <h6 class=\"video-item__title\"><a href=\"https:\/\/composite-media-gbr.de\/en\/video\/visual-effects-reel-2015\/\">Visual Effects Reel 2015<\/a><\/h6>\n        <div class=\"video-item__category\"><a href=\"https:\/\/composite-media-gbr.de\/en\/video-category\/showreel\/\" rel=\"tag\">Showreel<\/a>, <a href=\"https:\/\/composite-media-gbr.de\/en\/video-category\/visual-effects\/\" rel=\"tag\">Visual effects<\/a><\/div>\n        <div class=\"video-item__desc\">\n            Test        <\/div>\n        <div class=\"video-item__more\">\n            <a href=\"https:\/\/composite-media-gbr.de\/en\/video\/visual-effects-reel-2015\/\" class=\"haru-button haru-button--size-medium haru-button--bg-black haru-button--round-normal\">Detail<\/a>\n        <\/div>\n    <\/div>\n<\/article>\n\t\t    <article class=\"grid-item video-item video-item--style-1 video-7291 wedding-film\">\n    <div class=\"video-item__thumbnail\" >\n                <a href=\"https:\/\/composite-media-gbr.de\/en\/video\/wedding-max-mona\/\" class=\"video-item-player-direct\"><\/a>\n            \n                    <div class=\"video-thumbnail image default\" data-speed=\"1000\">\n                            <img decoding=\"async\" src=\"https:\/\/composite-media-gbr.de\/wp-content\/uploads\/2021\/06\/video_cover_wedding_max_mona.png\" alt=\"Max &#038; Mona | Hochzeitsfilm (Trailer)\">\n                        <\/div>\n                <!-- <\/a> -->\n        <div class=\"video-item__icon style-1\">\n    <div class=\"video-item__icon-wrap\">\n                    <a href=\"https:\/\/composite-media-gbr.de\/en\/video\/wedding-max-mona\/\" class=\"video-item-player-direct\"><\/a>\n            <\/div>\n<\/div>\n                <div class=\"video-item__duration\">06:01<\/div>\n            <\/div>\n    <div class=\"video-item__content\">\n        <h6 class=\"video-item__title\"><a href=\"https:\/\/composite-media-gbr.de\/en\/video\/wedding-max-mona\/\">Max &amp; Mona | Wedding film (trailer)<\/a><\/h6>\n        <div class=\"video-item__category\"><a href=\"https:\/\/composite-media-gbr.de\/en\/video-category\/wedding-film\/\" rel=\"tag\">Wedding film<\/a><\/div>\n        <div class=\"video-item__desc\">\n                    <\/div>\n        <div class=\"video-item__more\">\n            <a href=\"https:\/\/composite-media-gbr.de\/en\/video\/wedding-max-mona\/\" class=\"haru-button haru-button--size-medium haru-button--bg-black haru-button--round-normal\">Detail<\/a>\n        <\/div>\n    <\/div>\n<\/article>\n\t\t    <article class=\"grid-item video-item video-item--style-1 video-12349 commercials\">\n    <div class=\"video-item__thumbnail\" >\n                <a href=\"https:\/\/composite-media-gbr.de\/en\/video\/telekom-itbc-projektvideo-mse-filterpressen\/\" class=\"video-item-player-direct\"><\/a>\n            \n                    <div class=\"video-thumbnail image default\" data-speed=\"1000\">\n                            <img decoding=\"async\" src=\"https:\/\/composite-media-gbr.de\/wp-content\/uploads\/2024\/09\/thumb.jpg\" alt=\"Telekom ITBC-Projektvideo: MSE Filterpressen\">\n                        <\/div>\n                <!-- <\/a> -->\n        <div class=\"video-item__icon style-1\">\n    <div class=\"video-item__icon-wrap\">\n                    <a href=\"https:\/\/composite-media-gbr.de\/en\/video\/telekom-itbc-projektvideo-mse-filterpressen\/\" class=\"video-item-player-direct\"><\/a>\n            <\/div>\n<\/div>\n                <div class=\"video-item__duration\">5:35<\/div>\n            <\/div>\n    <div class=\"video-item__content\">\n        <h6 class=\"video-item__title\"><a href=\"https:\/\/composite-media-gbr.de\/en\/video\/telekom-itbc-projektvideo-mse-filterpressen\/\">Telekom ITBC-Projektvideo: MSE Filterpressen<\/a><\/h6>\n        <div class=\"video-item__category\"><a href=\"https:\/\/composite-media-gbr.de\/en\/video-category\/commercials\/\" rel=\"tag\">Advertising<\/a><\/div>\n        <div class=\"video-item__desc\">\n            In diesem Projektvideo pr\u00e4sentieren wir die umfassende Umgestaltung der R\u00e4umlichkeiten der Firma MSE Filterpressen, durchgef\u00fchrt vom ITBC-Partnernetzwerk der Deutschen Telekom...        <\/div>\n        <div class=\"video-item__more\">\n            <a href=\"https:\/\/composite-media-gbr.de\/en\/video\/telekom-itbc-projektvideo-mse-filterpressen\/\" class=\"haru-button haru-button--size-medium haru-button--bg-black haru-button--round-normal\">Detail<\/a>\n        <\/div>\n    <\/div>\n<\/article>\n\t\t    <article class=\"grid-item video-item video-item--style-1 video-12299 wedding-film\">\n    <div class=\"video-item__thumbnail\" >\n                <a href=\"https:\/\/composite-media-gbr.de\/en\/video\/max-mona-hochzeitsfilm-kurzfilm\/\" class=\"video-item-player-direct\"><\/a>\n            \n                    <div class=\"video-thumbnail image default\" data-speed=\"1000\">\n                            <img decoding=\"async\" src=\"https:\/\/composite-media-gbr.de\/wp-content\/uploads\/2023\/02\/video_cover_wedding_max_mona_film.png\" alt=\"Max &#038; Mona | Hochzeitsfilm (Kurzfilm)\">\n                        <\/div>\n                <!-- <\/a> -->\n        <div class=\"video-item__icon style-1\">\n    <div class=\"video-item__icon-wrap\">\n                    <a href=\"https:\/\/composite-media-gbr.de\/en\/video\/max-mona-hochzeitsfilm-kurzfilm\/\" class=\"video-item-player-direct\"><\/a>\n            <\/div>\n<\/div>\n                <div class=\"video-item__duration\">20:19<\/div>\n            <\/div>\n    <div class=\"video-item__content\">\n        <h6 class=\"video-item__title\"><a href=\"https:\/\/composite-media-gbr.de\/en\/video\/max-mona-hochzeitsfilm-kurzfilm\/\">Max &amp; Mona | Wedding film (short film)<\/a><\/h6>\n        <div class=\"video-item__category\"><a href=\"https:\/\/composite-media-gbr.de\/en\/video-category\/wedding-film\/\" rel=\"tag\">Wedding film<\/a><\/div>\n        <div class=\"video-item__desc\">\n                    <\/div>\n        <div class=\"video-item__more\">\n            <a href=\"https:\/\/composite-media-gbr.de\/en\/video\/max-mona-hochzeitsfilm-kurzfilm\/\" class=\"haru-button haru-button--size-medium haru-button--bg-black haru-button--round-normal\">Detail<\/a>\n        <\/div>\n    <\/div>\n<\/article>\n\t\t    <article class=\"grid-item video-item video-item--style-1 video-8559 wedding-film\">\n    <div class=\"video-item__thumbnail\" >\n                <a href=\"https:\/\/composite-media-gbr.de\/en\/video\/wedding-alex-selina\/\" class=\"video-item-player-direct\"><\/a>\n            \n                    <div class=\"video-thumbnail image default\" data-speed=\"1000\">\n                            <img decoding=\"async\" src=\"https:\/\/composite-media-gbr.de\/wp-content\/uploads\/2021\/07\/Bild_2022-12-02_105228955.png\" alt=\"Alexander &#038; Selina | Hochzeitsfilm\">\n                        <\/div>\n                <!-- <\/a> -->\n        <div class=\"video-item__icon style-1\">\n    <div class=\"video-item__icon-wrap\">\n                    <a href=\"https:\/\/composite-media-gbr.de\/en\/video\/wedding-alex-selina\/\" class=\"video-item-player-direct\"><\/a>\n            <\/div>\n<\/div>\n                <div class=\"video-item__duration\">15:33<\/div>\n            <\/div>\n    <div class=\"video-item__content\">\n        <h6 class=\"video-item__title\"><a href=\"https:\/\/composite-media-gbr.de\/en\/video\/wedding-alex-selina\/\">Alexander &amp; Selina | Wedding film<\/a><\/h6>\n        <div class=\"video-item__category\"><a href=\"https:\/\/composite-media-gbr.de\/en\/video-category\/wedding-film\/\" rel=\"tag\">Wedding film<\/a><\/div>\n        <div class=\"video-item__desc\">\n                    <\/div>\n        <div class=\"video-item__more\">\n            <a href=\"https:\/\/composite-media-gbr.de\/en\/video\/wedding-alex-selina\/\" class=\"haru-button haru-button--size-medium haru-button--bg-black haru-button--round-normal\">Detail<\/a>\n        <\/div>\n    <\/div>\n<\/article>\n\t\t    <article class=\"grid-item video-item video-item--style-1 video-7292 commercials\">\n    <div class=\"video-item__thumbnail\" >\n                <a href=\"https:\/\/composite-media-gbr.de\/en\/video\/wende-promo-2022\/\" class=\"video-item-player-direct\"><\/a>\n            \n                    <div class=\"video-thumbnail image default\" data-speed=\"1000\">\n                            <img decoding=\"async\" src=\"https:\/\/composite-media-gbr.de\/wp-content\/uploads\/2021\/06\/cover_wi_fhp.png\" alt=\"wende.interaktiv Fachh\u00e4ndler Promo\">\n                        <\/div>\n                <!-- <\/a> -->\n        <div class=\"video-item__icon style-1\">\n    <div class=\"video-item__icon-wrap\">\n                    <a href=\"https:\/\/composite-media-gbr.de\/en\/video\/wende-promo-2022\/\" class=\"video-item-player-direct\"><\/a>\n            <\/div>\n<\/div>\n                <div class=\"video-item__duration\">2:14<\/div>\n            <\/div>\n    <div class=\"video-item__content\">\n        <h6 class=\"video-item__title\"><a href=\"https:\/\/composite-media-gbr.de\/en\/video\/wende-promo-2022\/\">wende.interaktiv reseller promo<\/a><\/h6>\n        <div class=\"video-item__category\"><a href=\"https:\/\/composite-media-gbr.de\/en\/video-category\/commercials\/\" rel=\"tag\">Advertising<\/a><\/div>\n        <div class=\"video-item__desc\">\n            Video f\u00fcr Fachh\u00e4ndler-Videokartenaktion der Firma wende.interaktiv GmbH        <\/div>\n        <div class=\"video-item__more\">\n            <a href=\"https:\/\/composite-media-gbr.de\/en\/video\/wende-promo-2022\/\" class=\"haru-button haru-button--size-medium haru-button--bg-black haru-button--round-normal\">Detail<\/a>\n        <\/div>\n    <\/div>\n<\/article>\n\t\t<\/div>\n\n    \t<div class=\"archive-pagination load-more\">\n\t\t            <button data-href=\"https:\/\/composite-media-gbr.de\/en\/wp-json\/wp\/v2\/pages\/4199\/page\/2\/\" type=\"button\" data-loading-text=\"Loading...\" class=\"cpt-load-more haru-button haru-button--loading haru-button--size-medium haru-button--bg-primary haru-button--round-normal\">\n                Load More            <\/button>\n        \t<\/div>\n\t\n                <\/div>\n            \n            \t\t\t\t<\/div>\n\t\t\t\t<\/div>\n\t\t\t\t\t<\/div>\n\t\t<\/div>\n\t\t\t\t\t<\/div>\n\t\t<\/section>\n\t\t\t\t<\/div>","protected":false},"excerpt":{"rendered":"<p>All Hochzeitsfilm Showreel Visual Effects Werbefilm 4:36 Visual Effects Reel 2019 Visual Effects Detail 2:08 Cinematography, videography &#038; video production reel 2022 Showreel Detail 3:20 Hot Visual Effects Reel 2015 Visual Effects Test Detail 06:01 Max &#038; Mona | Hochzeitsfilm (Trailer) Hochzeitsfilm Detail 20:19 Max &#038; Mona | Hochzeitsfilm (Kurzfilm) Hochzeitsfilm Detail 15:33 Alexander &#038; [&hellip;]<\/p>\n","protected":false},"author":1,"featured_media":0,"parent":0,"menu_order":0,"comment_status":"closed","ping_status":"closed","template":"","meta":{"footnotes":""},"class_list":["post-4199","page","type-page","status-publish","hentry"],"_links":{"self":[{"href":"https:\/\/composite-media-gbr.de\/en\/wp-json\/wp\/v2\/pages\/4199","targetHints":{"allow":["GET"]}}],"collection":[{"href":"https:\/\/composite-media-gbr.de\/en\/wp-json\/wp\/v2\/pages"}],"about":[{"href":"https:\/\/composite-media-gbr.de\/en\/wp-json\/wp\/v2\/types\/page"}],"author":[{"embeddable":true,"href":"https:\/\/composite-media-gbr.de\/en\/wp-json\/wp\/v2\/users\/1"}],"replies":[{"embeddable":true,"href":"https:\/\/composite-media-gbr.de\/en\/wp-json\/wp\/v2\/comments?post=4199"}],"version-history":[{"count":5,"href":"https:\/\/composite-media-gbr.de\/en\/wp-json\/wp\/v2\/pages\/4199\/revisions"}],"predecessor-version":[{"id":12306,"href":"https:\/\/composite-media-gbr.de\/en\/wp-json\/wp\/v2\/pages\/4199\/revisions\/12306"}],"wp:attachment":[{"href":"https:\/\/composite-media-gbr.de\/en\/wp-json\/wp\/v2\/media?parent=4199"}],"curies":[{"name":"wp","href":"https:\/\/api.w.org\/{rel}","templated":true}]}}