{"id":12240,"date":"2023-02-09T20:45:13","date_gmt":"2023-02-09T19:45:13","guid":{"rendered":"https:\/\/composite-media-gbr.de\/?page_id=12240"},"modified":"2023-02-09T20:48:29","modified_gmt":"2023-02-09T19:48:29","slug":"impressum","status":"publish","type":"page","link":"https:\/\/composite-media-gbr.de\/en\/impressum\/","title":{"rendered":"Legal information"},"content":{"rendered":"<div data-elementor-type=\"wp-page\" data-elementor-id=\"12240\" class=\"elementor elementor-12240\">\n\t\t\t\t\t\t<section class=\"elementor-section elementor-top-section elementor-element elementor-element-98bbdf9 elementor-section-boxed elementor-section-height-default elementor-section-height-default\" data-id=\"98bbdf9\" data-element_type=\"section\">\n\t\t\t\t\t\t<div class=\"elementor-container elementor-column-gap-default\">\n\t\t\t\t\t<div class=\"elementor-column elementor-col-50 elementor-top-column elementor-element elementor-element-adcd642\" data-id=\"adcd642\" data-element_type=\"column\">\n\t\t\t<div class=\"elementor-widget-wrap elementor-element-populated\">\n\t\t\t\t\t\t<div class=\"elementor-element elementor-element-1155a0e elementor-widget elementor-widget-text-editor\" data-id=\"1155a0e\" data-element_type=\"widget\" data-widget_type=\"text-editor.default\">\n\t\t\t\t<div class=\"elementor-widget-container\">\n\t\t\t\t\t\t\t\t\t<h4><strong>Responsible for the content of the website:<\/strong><\/h4><p>\u00a0<\/p><p><strong>Composite Media GbR<\/strong><br \/>Am Limes 66<br \/>73527 Schw\u00e4bisch Gm\u00fcnd<br \/>Germany<\/p><p>\u00a0<\/p><p><strong>Phone: <\/strong>07171 \/ 996 9 114<\/p><p><strong>Email: <\/strong>mail@composite-media-gbr.de<\/p><p><strong>Tax no.:<\/strong> 83083\/74566<\/p>\t\t\t\t\t\t\t\t<\/div>\n\t\t\t\t<\/div>\n\t\t\t\t\t<\/div>\n\t\t<\/div>\n\t\t\t\t<div class=\"elementor-column elementor-col-50 elementor-top-column elementor-element elementor-element-a4f8cf7\" data-id=\"a4f8cf7\" data-element_type=\"column\">\n\t\t\t<div class=\"elementor-widget-wrap elementor-element-populated\">\n\t\t\t\t\t\t<div class=\"elementor-element elementor-element-5cafa35 elementor-widget elementor-widget-text-editor\" data-id=\"5cafa35\" data-element_type=\"widget\" data-widget_type=\"text-editor.default\">\n\t\t\t\t<div class=\"elementor-widget-container\">\n\t\t\t\t\t\t\t\t\t<h4><strong>Authorized representatives:<\/strong><\/h4><p>\u00a0<\/p><p><strong>Kornelius Scheel<br \/><\/strong>Am Limes 66<br \/>73527 Schw\u00e4bisch Gm\u00fcnd<br \/>Germany<\/p><p>\u00a0<\/p><p><strong>Stefan Friedel<br \/><\/strong>Bronn\u00e4ckerstra\u00dfe 44<br \/>73527 Schw\u00e4bisch Gm\u00fcnd\/Zimmern<br \/>Germany<\/p>\t\t\t\t\t\t\t\t<\/div>\n\t\t\t\t<\/div>\n\t\t\t\t\t<\/div>\n\t\t<\/div>\n\t\t\t\t\t<\/div>\n\t\t<\/section>\n\t\t\t\t<\/div>","protected":false},"excerpt":{"rendered":"<p>Verantwortlich f\u00fcr den Inhalt der Webseite: \u00a0 Composite Media GbRAm Limes 6673527 Schw\u00e4bisch Gm\u00fcndDeutschland \u00a0 Telefon: 07171 \/ 996 9 114 E-Mail: mail@composite-media-gbr.de Steuer-Nr.: 83083\/74566 Vertretungsberechtige Gesellschafter: \u00a0 Kornelius ScheelAm Limes 6673527 Schw\u00e4bisch Gm\u00fcndDeutschland \u00a0 Stefan FriedelBronn\u00e4ckerstra\u00dfe 4473527 Schw\u00e4bisch Gm\u00fcnd\/ZimmernDeutschland<\/p>","protected":false},"author":1,"featured_media":0,"parent":0,"menu_order":0,"comment_status":"closed","ping_status":"closed","template":"","meta":{"footnotes":""},"class_list":["post-12240","page","type-page","status-publish","hentry"],"_links":{"self":[{"href":"https:\/\/composite-media-gbr.de\/en\/wp-json\/wp\/v2\/pages\/12240","targetHints":{"allow":["GET"]}}],"collection":[{"href":"https:\/\/composite-media-gbr.de\/en\/wp-json\/wp\/v2\/pages"}],"about":[{"href":"https:\/\/composite-media-gbr.de\/en\/wp-json\/wp\/v2\/types\/page"}],"author":[{"embeddable":true,"href":"https:\/\/composite-media-gbr.de\/en\/wp-json\/wp\/v2\/users\/1"}],"replies":[{"embeddable":true,"href":"https:\/\/composite-media-gbr.de\/en\/wp-json\/wp\/v2\/comments?post=12240"}],"version-history":[{"count":10,"href":"https:\/\/composite-media-gbr.de\/en\/wp-json\/wp\/v2\/pages\/12240\/revisions"}],"predecessor-version":[{"id":12253,"href":"https:\/\/composite-media-gbr.de\/en\/wp-json\/wp\/v2\/pages\/12240\/revisions\/12253"}],"wp:attachment":[{"href":"https:\/\/composite-media-gbr.de\/en\/wp-json\/wp\/v2\/media?parent=12240"}],"curies":[{"name":"wp","href":"https:\/\/api.w.org\/{rel}","templated":true}]}}